{"id":126272,"date":"2024-12-18T17:09:53","date_gmt":"2024-12-18T22:09:53","guid":{"rendered":"https:\/\/latam.cognita.network\/gimnorte-v2\/?page_id=126272"},"modified":"2025-10-24T17:12:10","modified_gmt":"2025-10-24T22:12:10","slug":"politicas","status":"publish","type":"page","link":"https:\/\/cambridge.edu.co\/es\/politicas\/","title":{"rendered":"Pol\u00edticas"},"content":{"rendered":"\t\t<div data-elementor-type=\"wp-page\" data-elementor-id=\"126272\" class=\"elementor elementor-126272\" data-elementor-post-type=\"page\">\n\t\t\t\t<div class=\"elementor-element elementor-element-10999f19 e-con-full e-flex e-con e-child\" data-id=\"10999f19\" data-element_type=\"container\" data-e-type=\"container\" data-settings=\"{&quot;background_background&quot;:&quot;classic&quot;}\">\n\t\t\t\t<div class=\"elementor-element elementor-element-64596326 elementor-widget elementor-widget-image\" data-id=\"64596326\" data-element_type=\"widget\" data-e-type=\"widget\" data-widget_type=\"image.default\">\n\t\t\t\t<div class=\"elementor-widget-container\">\n\t\t\t\t\t\t\t\t\t\t\t\t\t\t\t<img decoding=\"async\" src=\"https:\/\/cambridge.edu.co\/wp-content\/uploads\/sites\/31\/2025\/02\/Politicas-1.jpg?w=1440\" title=\"Pol\u00edticas 1\" alt=\"Banner de Pol\u00edticas con estudiante de Early Years Cabecera en el sal\u00f3n de m\u00fasica\" loading=\"lazy\" \/>\t\t\t\t\t\t\t\t\t\t\t\t\t\t\t<\/div>\n\t\t\t\t<\/div>\n\t\t\t\t<\/div>\n\t\t<div class=\"elementor-element elementor-element-ee46959 e-flex e-con-boxed e-con e-parent\" data-id=\"ee46959\" data-element_type=\"container\" data-e-type=\"container\">\n\t\t\t\t\t<div class=\"e-con-inner\">\n\t\t\t\t<div class=\"elementor-element elementor-element-f43d962 elementor-widget elementor-widget-text-editor\" data-id=\"f43d962\" data-element_type=\"widget\" data-e-type=\"widget\" data-widget_type=\"text-editor.default\">\n\t\t\t\t<div class=\"elementor-widget-container\">\n\t\t\t\t\t\t\t\t\t<ul><li style=\"list-style-type: none\"><ul><li><a href=\"https:\/\/cambridge.edu.co\/wp-content\/uploads\/sites\/31\/2025\/01\/Politica-de-Tratamiento-de-Datos-Personales.pdf\" target=\"_blank\" rel=\"noopener\" data-seo=\"btn-footer\">Pol\u00edticas de protecci\u00f3n y tratamiento de datos personales<\/a><\/li><li><a href=\"https:\/\/cambridge.edu.co\/wp-content\/uploads\/sites\/31\/2025\/08\/Manual-de-Convivencia-2025-2026.pdf\" target=\"_blank\" rel=\"noopener\" data-seo=\"btn-footer\">Manual de Convivencia<\/a><\/li><li><a href=\"https:\/\/cambridge.edu.co\/wp-content\/uploads\/sites\/31\/2025\/01\/V12_REDCOL_Protocolo-de-Salud-y-Bioseguridad_COVID-19-Mar-14-2022.pdf\" target=\"\" data-seo=\"btn-footer\">Protocolo de bioseguridad<\/a><\/li><li><a href=\"https:\/\/cambridge.edu.co\/wp-content\/uploads\/sites\/31\/2025\/10\/SGC_Redcol_2023.pdf\" target=\"_blank\" rel=\"noopener\" data-seo=\"btn-footer\">Pol\u00edticas de Calidad<\/a><\/li><li><a href=\"https:\/\/cambridge.edu.co\/wp-content\/uploads\/sites\/31\/2025\/07\/Proyecto-Educativo-Institucional-Canaveral-2025-2026.pdf\">Proyecto Educativo Institucional<\/a><\/li><\/ul><\/li><\/ul>\t\t\t\t\t\t\t\t<\/div>\n\t\t\t\t<\/div>\n\t\t\t\t\t<\/div>\n\t\t\t\t<\/div>\n\t\t\t\t<\/div>\n\t\t","protected":false},"excerpt":{"rendered":"<p>Pol\u00edticas de protecci\u00f3n y tratamiento de datos personales Manual de Convivencia Protocolo de bioseguridad Pol\u00edticas de Calidad Proyecto Educativo Institucional<\/p>\n","protected":false},"author":14,"featured_media":0,"parent":0,"menu_order":0,"comment_status":"closed","ping_status":"closed","template":"elementor_header_footer","meta":{"_acf_changed":false,"content-type":"","footnotes":""},"class_list":["post-126272","page","type-page","status-publish","hentry"],"acf":[],"yoast_head":"<!-- This site is optimized with the Yoast SEO plugin v27.1.1 - https:\/\/yoast.com\/product\/yoast-seo-wordpress\/ -->\n<title>Pol\u00edticas - New Cambridge School | Colegios Redcol<\/title>\n<meta name=\"robots\" content=\"index, follow, max-snippet:-1, max-image-preview:large, max-video-preview:-1\" \/>\n<link rel=\"canonical\" href=\"https:\/\/cambridge.edu.co\/es\/politicas\/\" \/>\n<meta property=\"og:locale\" content=\"es_ES\" \/>\n<meta property=\"og:type\" content=\"article\" \/>\n<meta property=\"og:title\" content=\"Pol\u00edticas - New Cambridge School | Colegios Redcol\" \/>\n<meta property=\"og:description\" content=\"Pol\u00edticas de protecci\u00f3n y tratamiento de datos personales Manual de Convivencia Protocolo de bioseguridad Pol\u00edticas de Calidad Proyecto Educativo Institucional\" \/>\n<meta property=\"og:url\" content=\"https:\/\/cambridge.edu.co\/es\/politicas\/\" \/>\n<meta property=\"og:site_name\" content=\"New Cambridge School | Colegios Redcol\" \/>\n<meta property=\"article:publisher\" content=\"https:\/\/www.facebook.com\/colegionuevocambridgefloridablanca\/\" \/>\n<meta property=\"article:modified_time\" content=\"2025-10-24T22:12:10+00:00\" \/>\n<meta property=\"og:image\" content=\"https:\/\/cambridge.edu.co\/wp-content\/uploads\/sites\/31\/2025\/02\/Politicas-1.jpg?w=1440\" \/>\n<meta name=\"twitter:card\" content=\"summary_large_image\" \/>\n<meta name=\"twitter:label1\" content=\"Tiempo de lectura\" \/>\n\t<meta name=\"twitter:data1\" content=\"1 minuto\" \/>\n<script type=\"application\/ld+json\" class=\"yoast-schema-graph\">{\"@context\":\"https:\/\/schema.org\",\"@graph\":[{\"@type\":\"WebPage\",\"@id\":\"https:\/\/cambridge.edu.co\/es\/politicas\/\",\"url\":\"https:\/\/cambridge.edu.co\/es\/politicas\/\",\"name\":\"Pol\u00edticas - New Cambridge School | Colegios Redcol\",\"isPartOf\":{\"@id\":\"https:\/\/cambridge.edu.co\/es\/#website\"},\"primaryImageOfPage\":{\"@id\":\"https:\/\/cambridge.edu.co\/es\/politicas\/#primaryimage\"},\"image\":{\"@id\":\"https:\/\/cambridge.edu.co\/es\/politicas\/#primaryimage\"},\"thumbnailUrl\":\"https:\/\/cambridge.edu.co\/wp-content\/uploads\/sites\/31\/2025\/02\/Politicas-1.jpg?w=1440\",\"datePublished\":\"2024-12-18T22:09:53+00:00\",\"dateModified\":\"2025-10-24T22:12:10+00:00\",\"breadcrumb\":{\"@id\":\"https:\/\/cambridge.edu.co\/es\/politicas\/#breadcrumb\"},\"inLanguage\":\"es\",\"potentialAction\":[{\"@type\":\"ReadAction\",\"target\":[\"https:\/\/cambridge.edu.co\/es\/politicas\/\"]}]},{\"@type\":\"ImageObject\",\"inLanguage\":\"es\",\"@id\":\"https:\/\/cambridge.edu.co\/es\/politicas\/#primaryimage\",\"url\":\"https:\/\/cambridge.edu.co\/wp-content\/uploads\/sites\/31\/2025\/02\/Politicas-1.jpg?w=1440\",\"contentUrl\":\"https:\/\/cambridge.edu.co\/wp-content\/uploads\/sites\/31\/2025\/02\/Politicas-1.jpg?w=1440\"},{\"@type\":\"BreadcrumbList\",\"@id\":\"https:\/\/cambridge.edu.co\/es\/politicas\/#breadcrumb\",\"itemListElement\":[{\"@type\":\"ListItem\",\"position\":1,\"name\":\"Home\",\"item\":\"https:\/\/cambridge.edu.co\/es\/\"},{\"@type\":\"ListItem\",\"position\":2,\"name\":\"Pol\u00edticas\"}]},{\"@type\":\"WebSite\",\"@id\":\"https:\/\/cambridge.edu.co\/es\/#website\",\"url\":\"https:\/\/cambridge.edu.co\/es\/\",\"name\":\"New Cambridge School | Colegios Redcol\",\"description\":\"New Cambridge School es un colegio biling\u00fce de alta excelencia acad\u00e9mica, que abre sus puertas a ni\u00f1os desde los 8 meses de edad.\",\"publisher\":{\"@id\":\"https:\/\/cambridge.edu.co\/es\/#organization\"},\"potentialAction\":[{\"@type\":\"SearchAction\",\"target\":{\"@type\":\"EntryPoint\",\"urlTemplate\":\"https:\/\/cambridge.edu.co\/es\/?s={search_term_string}\"},\"query-input\":{\"@type\":\"PropertyValueSpecification\",\"valueRequired\":true,\"valueName\":\"search_term_string\"}}],\"inLanguage\":\"es\"},{\"@type\":\"Organization\",\"@id\":\"https:\/\/cambridge.edu.co\/es\/#organization\",\"name\":\"New Cambridge School | Colegios Redcol\",\"url\":\"https:\/\/cambridge.edu.co\/es\/\",\"logo\":{\"@type\":\"ImageObject\",\"inLanguage\":\"es\",\"@id\":\"https:\/\/cambridge.edu.co\/es\/#\/schema\/logo\/image\/\",\"url\":\"https:\/\/cambridge.edu.co\/wp-content\/uploads\/sites\/31\/2024\/11\/Logo_New_Cambridge.png\",\"contentUrl\":\"https:\/\/cambridge.edu.co\/wp-content\/uploads\/sites\/31\/2024\/11\/Logo_New_Cambridge.png\",\"width\":744,\"height\":389,\"caption\":\"New Cambridge School | Colegios Redcol\"},\"image\":{\"@id\":\"https:\/\/cambridge.edu.co\/es\/#\/schema\/logo\/image\/\"},\"sameAs\":[\"https:\/\/www.facebook.com\/colegionuevocambridgefloridablanca\/\",\"https:\/\/instagram.com\/newcambridge\",\"https:\/\/www.youtube.com\/c\/newcambridgeschool\"]}]}<\/script>\n<!-- \/ Yoast SEO plugin. -->","yoast_head_json":{"title":"Pol\u00edticas - New Cambridge School | Colegios Redcol","robots":{"index":"index","follow":"follow","max-snippet":"max-snippet:-1","max-image-preview":"max-image-preview:large","max-video-preview":"max-video-preview:-1"},"canonical":"https:\/\/cambridge.edu.co\/es\/politicas\/","og_locale":"es_ES","og_type":"article","og_title":"Pol\u00edticas - New Cambridge School | Colegios Redcol","og_description":"Pol\u00edticas de protecci\u00f3n y tratamiento de datos personales Manual de Convivencia Protocolo de bioseguridad Pol\u00edticas de Calidad Proyecto Educativo Institucional","og_url":"https:\/\/cambridge.edu.co\/es\/politicas\/","og_site_name":"New Cambridge School | Colegios Redcol","article_publisher":"https:\/\/www.facebook.com\/colegionuevocambridgefloridablanca\/","article_modified_time":"2025-10-24T22:12:10+00:00","og_image":[{"url":"https:\/\/cambridge.edu.co\/wp-content\/uploads\/sites\/31\/2025\/02\/Politicas-1.jpg?w=1440","type":"","width":"","height":""}],"twitter_card":"summary_large_image","twitter_misc":{"Tiempo de lectura":"1 minuto"},"schema":{"@context":"https:\/\/schema.org","@graph":[{"@type":"WebPage","@id":"https:\/\/cambridge.edu.co\/es\/politicas\/","url":"https:\/\/cambridge.edu.co\/es\/politicas\/","name":"Pol\u00edticas - New Cambridge School | Colegios Redcol","isPartOf":{"@id":"https:\/\/cambridge.edu.co\/es\/#website"},"primaryImageOfPage":{"@id":"https:\/\/cambridge.edu.co\/es\/politicas\/#primaryimage"},"image":{"@id":"https:\/\/cambridge.edu.co\/es\/politicas\/#primaryimage"},"thumbnailUrl":"https:\/\/cambridge.edu.co\/wp-content\/uploads\/sites\/31\/2025\/02\/Politicas-1.jpg?w=1440","datePublished":"2024-12-18T22:09:53+00:00","dateModified":"2025-10-24T22:12:10+00:00","breadcrumb":{"@id":"https:\/\/cambridge.edu.co\/es\/politicas\/#breadcrumb"},"inLanguage":"es","potentialAction":[{"@type":"ReadAction","target":["https:\/\/cambridge.edu.co\/es\/politicas\/"]}]},{"@type":"ImageObject","inLanguage":"es","@id":"https:\/\/cambridge.edu.co\/es\/politicas\/#primaryimage","url":"https:\/\/cambridge.edu.co\/wp-content\/uploads\/sites\/31\/2025\/02\/Politicas-1.jpg?w=1440","contentUrl":"https:\/\/cambridge.edu.co\/wp-content\/uploads\/sites\/31\/2025\/02\/Politicas-1.jpg?w=1440"},{"@type":"BreadcrumbList","@id":"https:\/\/cambridge.edu.co\/es\/politicas\/#breadcrumb","itemListElement":[{"@type":"ListItem","position":1,"name":"Home","item":"https:\/\/cambridge.edu.co\/es\/"},{"@type":"ListItem","position":2,"name":"Pol\u00edticas"}]},{"@type":"WebSite","@id":"https:\/\/cambridge.edu.co\/es\/#website","url":"https:\/\/cambridge.edu.co\/es\/","name":"New Cambridge School | Colegios Redcol","description":"New Cambridge School es un colegio biling\u00fce de alta excelencia acad\u00e9mica, que abre sus puertas a ni\u00f1os desde los 8 meses de edad.","publisher":{"@id":"https:\/\/cambridge.edu.co\/es\/#organization"},"potentialAction":[{"@type":"SearchAction","target":{"@type":"EntryPoint","urlTemplate":"https:\/\/cambridge.edu.co\/es\/?s={search_term_string}"},"query-input":{"@type":"PropertyValueSpecification","valueRequired":true,"valueName":"search_term_string"}}],"inLanguage":"es"},{"@type":"Organization","@id":"https:\/\/cambridge.edu.co\/es\/#organization","name":"New Cambridge School | Colegios Redcol","url":"https:\/\/cambridge.edu.co\/es\/","logo":{"@type":"ImageObject","inLanguage":"es","@id":"https:\/\/cambridge.edu.co\/es\/#\/schema\/logo\/image\/","url":"https:\/\/cambridge.edu.co\/wp-content\/uploads\/sites\/31\/2024\/11\/Logo_New_Cambridge.png","contentUrl":"https:\/\/cambridge.edu.co\/wp-content\/uploads\/sites\/31\/2024\/11\/Logo_New_Cambridge.png","width":744,"height":389,"caption":"New Cambridge School | Colegios Redcol"},"image":{"@id":"https:\/\/cambridge.edu.co\/es\/#\/schema\/logo\/image\/"},"sameAs":["https:\/\/www.facebook.com\/colegionuevocambridgefloridablanca\/","https:\/\/instagram.com\/newcambridge","https:\/\/www.youtube.com\/c\/newcambridgeschool"]}]}},"jetpack_sharing_enabled":true,"_links":{"self":[{"href":"https:\/\/cambridge.edu.co\/es\/wp-json\/wp\/v2\/pages\/126272","targetHints":{"allow":["GET"]}}],"collection":[{"href":"https:\/\/cambridge.edu.co\/es\/wp-json\/wp\/v2\/pages"}],"about":[{"href":"https:\/\/cambridge.edu.co\/es\/wp-json\/wp\/v2\/types\/page"}],"author":[{"embeddable":true,"href":"https:\/\/cambridge.edu.co\/es\/wp-json\/wp\/v2\/users\/14"}],"replies":[{"embeddable":true,"href":"https:\/\/cambridge.edu.co\/es\/wp-json\/wp\/v2\/comments?post=126272"}],"version-history":[{"count":20,"href":"https:\/\/cambridge.edu.co\/es\/wp-json\/wp\/v2\/pages\/126272\/revisions"}],"predecessor-version":[{"id":132062,"href":"https:\/\/cambridge.edu.co\/es\/wp-json\/wp\/v2\/pages\/126272\/revisions\/132062"}],"wp:attachment":[{"href":"https:\/\/cambridge.edu.co\/es\/wp-json\/wp\/v2\/media?parent=126272"}],"curies":[{"name":"wp","href":"https:\/\/api.w.org\/{rel}","templated":true}]}}