{"id":131346,"date":"2025-04-09T08:15:55","date_gmt":"2025-04-09T13:15:55","guid":{"rendered":"https:\/\/cambridge.edu.co\/?page_id=131346"},"modified":"2025-04-09T09:33:09","modified_gmt":"2025-04-09T14:33:09","slug":"thank-you-page","status":"publish","type":"page","link":"https:\/\/cambridge.edu.co\/es\/thank-you-page\/","title":{"rendered":"Thank you page"},"content":{"rendered":"\t\t<div data-elementor-type=\"wp-page\" data-elementor-id=\"131346\" class=\"elementor elementor-131346\" data-elementor-post-type=\"page\">\n\t\t\t\t<div class=\"elementor-element elementor-element-3b059ebb e-con-full e-flex e-con e-parent\" data-id=\"3b059ebb\" data-element_type=\"container\" data-e-type=\"container\" data-settings=\"{&quot;background_background&quot;:&quot;slideshow&quot;,&quot;background_slideshow_gallery&quot;:[{&quot;id&quot;:&quot;125305&quot;,&quot;url&quot;:&quot;https:\\\/\\\/cambridge.edu.co\\\/wp-content\\\/uploads\\\/sites\\\/31\\\/2024\\\/12\\\/Nuestras-instalaciones-5.jpg&quot;}],&quot;background_slideshow_loop&quot;:&quot;yes&quot;,&quot;background_slideshow_slide_duration&quot;:5000,&quot;background_slideshow_slide_transition&quot;:&quot;fade&quot;,&quot;background_slideshow_transition_duration&quot;:500}\">\n\t\t<div class=\"elementor-element elementor-element-cd7ae21 e-flex e-con-boxed e-con e-child\" data-id=\"cd7ae21\" data-element_type=\"container\" data-e-type=\"container\">\n\t\t\t\t\t<div class=\"e-con-inner\">\n\t\t\t\t<div class=\"elementor-element elementor-element-3210cd86 elementor-widget__width-initial elementor-widget elementor-widget-text-editor\" data-id=\"3210cd86\" data-element_type=\"widget\" data-e-type=\"widget\" data-widget_type=\"text-editor.default\">\n\t\t\t\t<div class=\"elementor-widget-container\">\n\t\t\t\t\t\t\t\t\t<p>Gracias por diligenciar el formulario.<\/p>\t\t\t\t\t\t\t\t<\/div>\n\t\t\t\t<\/div>\n\t\t<div class=\"elementor-element elementor-element-37c7796 e-con-full e-flex e-con e-child\" data-id=\"37c7796\" data-element_type=\"container\" data-e-type=\"container\">\n\t\t\t\t<div class=\"elementor-element elementor-element-a538e5a elementor-widget elementor-widget-text-editor\" data-id=\"a538e5a\" data-element_type=\"widget\" data-e-type=\"widget\" data-widget_type=\"text-editor.default\">\n\t\t\t\t<div class=\"elementor-widget-container\">\n\t\t\t\t\t\t\t\t\t<p>Muy pronto nuestro equipo se comunicar\u00e1 contigo<\/p>\t\t\t\t\t\t\t\t<\/div>\n\t\t\t\t<\/div>\n\t\t\t\t<\/div>\n\t\t\t\t\t<\/div>\n\t\t\t\t<\/div>\n\t\t\t\t<\/div>\n\t\t\t\t<\/div>\n\t\t","protected":false},"excerpt":{"rendered":"<p>Gracias por diligenciar el formulario. Muy pronto nuestro equipo se comunicar\u00e1 contigo<\/p>\n","protected":false},"author":80,"featured_media":0,"parent":0,"menu_order":0,"comment_status":"closed","ping_status":"closed","template":"","meta":{"_acf_changed":false,"content-type":"","footnotes":""},"class_list":["post-131346","page","type-page","status-publish","hentry"],"acf":[],"yoast_head":"<!-- This site is optimized with the Yoast SEO plugin v27.1.1 - https:\/\/yoast.com\/product\/yoast-seo-wordpress\/ -->\n<title>Thank you page - New Cambridge School | Colegios Redcol<\/title>\n<meta name=\"robots\" content=\"index, follow, max-snippet:-1, max-image-preview:large, max-video-preview:-1\" \/>\n<link rel=\"canonical\" href=\"https:\/\/cambridge.edu.co\/es\/thank-you-page\/\" \/>\n<meta property=\"og:locale\" content=\"es_ES\" \/>\n<meta property=\"og:type\" content=\"article\" \/>\n<meta property=\"og:title\" content=\"Thank you page - New Cambridge School | Colegios Redcol\" \/>\n<meta property=\"og:description\" content=\"Gracias por diligenciar el formulario. Muy pronto nuestro equipo se comunicar\u00e1 contigo\" \/>\n<meta property=\"og:url\" content=\"https:\/\/cambridge.edu.co\/es\/thank-you-page\/\" \/>\n<meta property=\"og:site_name\" content=\"New Cambridge School | Colegios Redcol\" \/>\n<meta property=\"article:publisher\" content=\"https:\/\/www.facebook.com\/colegionuevocambridgefloridablanca\/\" \/>\n<meta property=\"article:modified_time\" content=\"2025-04-09T14:33:09+00:00\" \/>\n<meta name=\"twitter:card\" content=\"summary_large_image\" \/>\n<meta name=\"twitter:label1\" content=\"Tiempo de lectura\" \/>\n\t<meta name=\"twitter:data1\" content=\"1 minuto\" \/>\n<script type=\"application\/ld+json\" class=\"yoast-schema-graph\">{\"@context\":\"https:\/\/schema.org\",\"@graph\":[{\"@type\":\"WebPage\",\"@id\":\"https:\/\/cambridge.edu.co\/es\/thank-you-page\/\",\"url\":\"https:\/\/cambridge.edu.co\/es\/thank-you-page\/\",\"name\":\"Thank you page - New Cambridge School | Colegios Redcol\",\"isPartOf\":{\"@id\":\"https:\/\/cambridge.edu.co\/es\/#website\"},\"datePublished\":\"2025-04-09T13:15:55+00:00\",\"dateModified\":\"2025-04-09T14:33:09+00:00\",\"breadcrumb\":{\"@id\":\"https:\/\/cambridge.edu.co\/es\/thank-you-page\/#breadcrumb\"},\"inLanguage\":\"es\",\"potentialAction\":[{\"@type\":\"ReadAction\",\"target\":[\"https:\/\/cambridge.edu.co\/es\/thank-you-page\/\"]}]},{\"@type\":\"BreadcrumbList\",\"@id\":\"https:\/\/cambridge.edu.co\/es\/thank-you-page\/#breadcrumb\",\"itemListElement\":[{\"@type\":\"ListItem\",\"position\":1,\"name\":\"Home\",\"item\":\"https:\/\/cambridge.edu.co\/es\/\"},{\"@type\":\"ListItem\",\"position\":2,\"name\":\"Thank you page\"}]},{\"@type\":\"WebSite\",\"@id\":\"https:\/\/cambridge.edu.co\/es\/#website\",\"url\":\"https:\/\/cambridge.edu.co\/es\/\",\"name\":\"New Cambridge School | Colegios Redcol\",\"description\":\"New Cambridge School es un colegio biling\u00fce de alta excelencia acad\u00e9mica, que abre sus puertas a ni\u00f1os desde los 8 meses de edad.\",\"publisher\":{\"@id\":\"https:\/\/cambridge.edu.co\/es\/#organization\"},\"potentialAction\":[{\"@type\":\"SearchAction\",\"target\":{\"@type\":\"EntryPoint\",\"urlTemplate\":\"https:\/\/cambridge.edu.co\/es\/?s={search_term_string}\"},\"query-input\":{\"@type\":\"PropertyValueSpecification\",\"valueRequired\":true,\"valueName\":\"search_term_string\"}}],\"inLanguage\":\"es\"},{\"@type\":\"Organization\",\"@id\":\"https:\/\/cambridge.edu.co\/es\/#organization\",\"name\":\"New Cambridge School | Colegios Redcol\",\"url\":\"https:\/\/cambridge.edu.co\/es\/\",\"logo\":{\"@type\":\"ImageObject\",\"inLanguage\":\"es\",\"@id\":\"https:\/\/cambridge.edu.co\/es\/#\/schema\/logo\/image\/\",\"url\":\"https:\/\/cambridge.edu.co\/wp-content\/uploads\/sites\/31\/2024\/11\/Logo_New_Cambridge.png\",\"contentUrl\":\"https:\/\/cambridge.edu.co\/wp-content\/uploads\/sites\/31\/2024\/11\/Logo_New_Cambridge.png\",\"width\":744,\"height\":389,\"caption\":\"New Cambridge School | Colegios Redcol\"},\"image\":{\"@id\":\"https:\/\/cambridge.edu.co\/es\/#\/schema\/logo\/image\/\"},\"sameAs\":[\"https:\/\/www.facebook.com\/colegionuevocambridgefloridablanca\/\",\"https:\/\/instagram.com\/newcambridge\",\"https:\/\/www.youtube.com\/c\/newcambridgeschool\"]}]}<\/script>\n<!-- \/ Yoast SEO plugin. -->","yoast_head_json":{"title":"Thank you page - New Cambridge School | Colegios Redcol","robots":{"index":"index","follow":"follow","max-snippet":"max-snippet:-1","max-image-preview":"max-image-preview:large","max-video-preview":"max-video-preview:-1"},"canonical":"https:\/\/cambridge.edu.co\/es\/thank-you-page\/","og_locale":"es_ES","og_type":"article","og_title":"Thank you page - New Cambridge School | Colegios Redcol","og_description":"Gracias por diligenciar el formulario. Muy pronto nuestro equipo se comunicar\u00e1 contigo","og_url":"https:\/\/cambridge.edu.co\/es\/thank-you-page\/","og_site_name":"New Cambridge School | Colegios Redcol","article_publisher":"https:\/\/www.facebook.com\/colegionuevocambridgefloridablanca\/","article_modified_time":"2025-04-09T14:33:09+00:00","twitter_card":"summary_large_image","twitter_misc":{"Tiempo de lectura":"1 minuto"},"schema":{"@context":"https:\/\/schema.org","@graph":[{"@type":"WebPage","@id":"https:\/\/cambridge.edu.co\/es\/thank-you-page\/","url":"https:\/\/cambridge.edu.co\/es\/thank-you-page\/","name":"Thank you page - New Cambridge School | Colegios Redcol","isPartOf":{"@id":"https:\/\/cambridge.edu.co\/es\/#website"},"datePublished":"2025-04-09T13:15:55+00:00","dateModified":"2025-04-09T14:33:09+00:00","breadcrumb":{"@id":"https:\/\/cambridge.edu.co\/es\/thank-you-page\/#breadcrumb"},"inLanguage":"es","potentialAction":[{"@type":"ReadAction","target":["https:\/\/cambridge.edu.co\/es\/thank-you-page\/"]}]},{"@type":"BreadcrumbList","@id":"https:\/\/cambridge.edu.co\/es\/thank-you-page\/#breadcrumb","itemListElement":[{"@type":"ListItem","position":1,"name":"Home","item":"https:\/\/cambridge.edu.co\/es\/"},{"@type":"ListItem","position":2,"name":"Thank you page"}]},{"@type":"WebSite","@id":"https:\/\/cambridge.edu.co\/es\/#website","url":"https:\/\/cambridge.edu.co\/es\/","name":"New Cambridge School | Colegios Redcol","description":"New Cambridge School es un colegio biling\u00fce de alta excelencia acad\u00e9mica, que abre sus puertas a ni\u00f1os desde los 8 meses de edad.","publisher":{"@id":"https:\/\/cambridge.edu.co\/es\/#organization"},"potentialAction":[{"@type":"SearchAction","target":{"@type":"EntryPoint","urlTemplate":"https:\/\/cambridge.edu.co\/es\/?s={search_term_string}"},"query-input":{"@type":"PropertyValueSpecification","valueRequired":true,"valueName":"search_term_string"}}],"inLanguage":"es"},{"@type":"Organization","@id":"https:\/\/cambridge.edu.co\/es\/#organization","name":"New Cambridge School | Colegios Redcol","url":"https:\/\/cambridge.edu.co\/es\/","logo":{"@type":"ImageObject","inLanguage":"es","@id":"https:\/\/cambridge.edu.co\/es\/#\/schema\/logo\/image\/","url":"https:\/\/cambridge.edu.co\/wp-content\/uploads\/sites\/31\/2024\/11\/Logo_New_Cambridge.png","contentUrl":"https:\/\/cambridge.edu.co\/wp-content\/uploads\/sites\/31\/2024\/11\/Logo_New_Cambridge.png","width":744,"height":389,"caption":"New Cambridge School | Colegios Redcol"},"image":{"@id":"https:\/\/cambridge.edu.co\/es\/#\/schema\/logo\/image\/"},"sameAs":["https:\/\/www.facebook.com\/colegionuevocambridgefloridablanca\/","https:\/\/instagram.com\/newcambridge","https:\/\/www.youtube.com\/c\/newcambridgeschool"]}]}},"jetpack_sharing_enabled":true,"_links":{"self":[{"href":"https:\/\/cambridge.edu.co\/es\/wp-json\/wp\/v2\/pages\/131346","targetHints":{"allow":["GET"]}}],"collection":[{"href":"https:\/\/cambridge.edu.co\/es\/wp-json\/wp\/v2\/pages"}],"about":[{"href":"https:\/\/cambridge.edu.co\/es\/wp-json\/wp\/v2\/types\/page"}],"author":[{"embeddable":true,"href":"https:\/\/cambridge.edu.co\/es\/wp-json\/wp\/v2\/users\/80"}],"replies":[{"embeddable":true,"href":"https:\/\/cambridge.edu.co\/es\/wp-json\/wp\/v2\/comments?post=131346"}],"version-history":[{"count":4,"href":"https:\/\/cambridge.edu.co\/es\/wp-json\/wp\/v2\/pages\/131346\/revisions"}],"predecessor-version":[{"id":131351,"href":"https:\/\/cambridge.edu.co\/es\/wp-json\/wp\/v2\/pages\/131346\/revisions\/131351"}],"wp:attachment":[{"href":"https:\/\/cambridge.edu.co\/es\/wp-json\/wp\/v2\/media?parent=131346"}],"curies":[{"name":"wp","href":"https:\/\/api.w.org\/{rel}","templated":true}]}}